{"id":3412,"date":"2024-02-28T12:42:08","date_gmt":"2024-02-28T10:42:08","guid":{"rendered":"https:\/\/vacamuuurestaurant.ro\/?page_id=3412"},"modified":"2024-02-28T13:18:12","modified_gmt":"2024-02-28T11:18:12","slug":"politica-de-livrare-si-retur","status":"publish","type":"page","link":"https:\/\/vacamuuurestaurant.ro\/ro\/politica-de-livrare-si-retur\/","title":{"rendered":"Politica de livrare si retur"},"content":{"rendered":"<div style=\"height:100px\" aria-hidden=\"true\" class=\"wp-block-spacer\"><\/div>\n\n\n\n<p><strong>Politica de livrare<\/strong><br>Oferim o metod\u0103 de expediere sigur\u0103 \u0219i fiabil\u0103 pentru achizi\u021bia voucherelor online. Odat\u0103<br>ce ai finalizat procesul de achizi\u021bie, \u00ee\u021bi vom trimite o confirmare prin email care include un<br>voucher \u00een format PDF.<br>Metoda de livrare: E-mail<br>Perioada de livrare: \u00cen maxim 24 de ore de la achizi\u021bie<br>Tax\u0103 de livrare: Gratuit\u0103<br>Pentru utilizarea voucherului, este necesar s\u0103-l ave\u021bi \u00een posesia dumneavoastr\u0103, \u00een format<br>electronic sau printat.<br><br><strong>Politica de retur<br><\/strong>V\u0103 aducem la cuno\u0219tin\u021b\u0103 c\u0103 voucherul odat\u0103 emis nu poate fi anulat sau returnat. Acesta<br>nu este nominal \u0219i poate fi folosit de c\u0103tre oricine.<br>De asemenea, men\u021bion\u0103m c\u0103 valoarea r\u0103mas\u0103 pe voucher este nerambursabil\u0103.<br>Ne lu\u0103m foarte \u00een serios securitatea informa\u021biilor clien\u021bilor no\u0219tri \u0219i folosim criptare<br>standard din industrie pentru a proteja datele tale. Dac\u0103 ai \u00eentreb\u0103ri sau nel\u0103muriri legate<br>de rezervarea sau metoda de expediere, te rug\u0103m s\u0103 nu ezita\u021bi s\u0103 contacta\u021bi echipa<br>noastr\u0103 de suport pentru clien\u021bi.<\/p>","protected":false},"excerpt":{"rendered":"<p>Politica de livrareOferim o metod\u0103 de expediere sigur\u0103 \u0219i fiabil\u0103 pentru achizi\u021bia voucherelor online. Odat\u0103ce ai finalizat procesul de achizi\u021bie, \u00ee\u021bi vom trimite o confirmare prin email care include unvoucher \u00een format PDF.Metoda de livrare: E-mailPerioada de livrare: \u00cen maxim 24 de ore de la&#8230;<\/p>","protected":false},"author":5,"featured_media":0,"parent":0,"menu_order":0,"comment_status":"closed","ping_status":"closed","template":"","meta":{"footnotes":""},"class_list":["post-3412","page","type-page","status-publish","hentry"],"yoast_head":"<!-- This site is optimized with the Yoast SEO plugin v21.2 - https:\/\/yoast.com\/wordpress\/plugins\/seo\/ -->\n<title>Politica de livrare si retur | Vacamuuu<\/title>\n<meta name=\"robots\" content=\"index, follow, max-snippet:-1, max-image-preview:large, max-video-preview:-1\" \/>\n<link rel=\"canonical\" href=\"https:\/\/vacamuuurestaurant.ro\/ro\/politica-de-livrare-si-retur\/\" \/>\n<meta property=\"og:locale\" content=\"ro_RO\" \/>\n<meta property=\"og:type\" content=\"article\" \/>\n<meta property=\"og:title\" content=\"Politica de livrare si retur | Vacamuuu\" \/>\n<meta property=\"og:description\" content=\"Politica de livrareOferim o metod\u0103 de expediere sigur\u0103 \u0219i fiabil\u0103 pentru achizi\u021bia voucherelor online. Odat\u0103ce ai finalizat procesul de achizi\u021bie, \u00ee\u021bi vom trimite o confirmare prin email care include unvoucher \u00een format PDF.Metoda de livrare: E-mailPerioada de livrare: \u00cen maxim 24 de ore de la...\" \/>\n<meta property=\"og:url\" content=\"https:\/\/vacamuuurestaurant.ro\/ro\/politica-de-livrare-si-retur\/\" \/>\n<meta property=\"og:site_name\" content=\"Vacamuuu\" \/>\n<meta property=\"article:publisher\" content=\"https:\/\/www.facebook.com\/profile.php?id=100091271499735\" \/>\n<meta property=\"article:modified_time\" content=\"2024-02-28T11:18:12+00:00\" \/>\n<meta property=\"og:image\" content=\"https:\/\/vacamuuurestaurant.ro\/wp-content\/uploads\/2023\/04\/slider-1-min-k.jpg\" \/>\n\t<meta property=\"og:image:width\" content=\"1920\" \/>\n\t<meta property=\"og:image:height\" content=\"1100\" \/>\n\t<meta property=\"og:image:type\" content=\"image\/jpeg\" \/>\n<meta name=\"twitter:card\" content=\"summary_large_image\" \/>\n<meta name=\"twitter:label1\" content=\"Timp estimat pentru citire\" \/>\n\t<meta name=\"twitter:data1\" content=\"1 minut\" \/>\n<script type=\"application\/ld+json\" class=\"yoast-schema-graph\">{\"@context\":\"https:\/\/schema.org\",\"@graph\":[{\"@type\":\"WebPage\",\"@id\":\"https:\/\/vacamuuurestaurant.ro\/politica-de-livrare-si-retur\/\",\"url\":\"https:\/\/vacamuuurestaurant.ro\/politica-de-livrare-si-retur\/\",\"name\":\"Politica de livrare si retur | Vacamuuu\",\"isPartOf\":{\"@id\":\"https:\/\/vacamuuurestaurant.ro\/en\/#website\"},\"datePublished\":\"2024-02-28T10:42:08+00:00\",\"dateModified\":\"2024-02-28T11:18:12+00:00\",\"breadcrumb\":{\"@id\":\"https:\/\/vacamuuurestaurant.ro\/politica-de-livrare-si-retur\/#breadcrumb\"},\"inLanguage\":\"ro-RO\",\"potentialAction\":[{\"@type\":\"ReadAction\",\"target\":[\"https:\/\/vacamuuurestaurant.ro\/politica-de-livrare-si-retur\/\"]}]},{\"@type\":\"BreadcrumbList\",\"@id\":\"https:\/\/vacamuuurestaurant.ro\/politica-de-livrare-si-retur\/#breadcrumb\",\"itemListElement\":[{\"@type\":\"ListItem\",\"position\":1,\"name\":\"Home\",\"item\":\"https:\/\/vacamuuurestaurant.ro\/\"},{\"@type\":\"ListItem\",\"position\":2,\"name\":\"Politica de livrare si retur\"}]},{\"@type\":\"WebSite\",\"@id\":\"https:\/\/vacamuuurestaurant.ro\/en\/#website\",\"url\":\"https:\/\/vacamuuurestaurant.ro\/en\/\",\"name\":\"Vacamuuu\",\"description\":\"The Steakhouse\",\"publisher\":{\"@id\":\"https:\/\/vacamuuurestaurant.ro\/en\/#organization\"},\"potentialAction\":[{\"@type\":\"SearchAction\",\"target\":{\"@type\":\"EntryPoint\",\"urlTemplate\":\"https:\/\/vacamuuurestaurant.ro\/en\/?s={search_term_string}\"},\"query-input\":\"required name=search_term_string\"}],\"inLanguage\":\"ro-RO\"},{\"@type\":\"Organization\",\"@id\":\"https:\/\/vacamuuurestaurant.ro\/en\/#organization\",\"name\":\"Vacamuuu\",\"url\":\"https:\/\/vacamuuurestaurant.ro\/en\/\",\"logo\":{\"@type\":\"ImageObject\",\"inLanguage\":\"ro-RO\",\"@id\":\"https:\/\/vacamuuurestaurant.ro\/en\/#\/schema\/logo\/image\/\",\"url\":\"https:\/\/vacamuuurestaurant.ro\/wp-content\/uploads\/2023\/04\/cropped-logo-regular-min.png\",\"contentUrl\":\"https:\/\/vacamuuurestaurant.ro\/wp-content\/uploads\/2023\/04\/cropped-logo-regular-min.png\",\"width\":512,\"height\":512,\"caption\":\"Vacamuuu\"},\"image\":{\"@id\":\"https:\/\/vacamuuurestaurant.ro\/en\/#\/schema\/logo\/image\/\"},\"sameAs\":[\"https:\/\/www.facebook.com\/profile.php?id=100091271499735\",\"https:\/\/www.instagram.com\/vacamuuurestaurant\/\"]}]}<\/script>\n<!-- \/ Yoast SEO plugin. -->","yoast_head_json":{"title":"Politica de livrare si retur | Vacamuuu","robots":{"index":"index","follow":"follow","max-snippet":"max-snippet:-1","max-image-preview":"max-image-preview:large","max-video-preview":"max-video-preview:-1"},"canonical":"https:\/\/vacamuuurestaurant.ro\/ro\/politica-de-livrare-si-retur\/","og_locale":"ro_RO","og_type":"article","og_title":"Politica de livrare si retur | Vacamuuu","og_description":"Politica de livrareOferim o metod\u0103 de expediere sigur\u0103 \u0219i fiabil\u0103 pentru achizi\u021bia voucherelor online. Odat\u0103ce ai finalizat procesul de achizi\u021bie, \u00ee\u021bi vom trimite o confirmare prin email care include unvoucher \u00een format PDF.Metoda de livrare: E-mailPerioada de livrare: \u00cen maxim 24 de ore de la...","og_url":"https:\/\/vacamuuurestaurant.ro\/ro\/politica-de-livrare-si-retur\/","og_site_name":"Vacamuuu","article_publisher":"https:\/\/www.facebook.com\/profile.php?id=100091271499735","article_modified_time":"2024-02-28T11:18:12+00:00","og_image":[{"width":1920,"height":1100,"url":"https:\/\/vacamuuurestaurant.ro\/wp-content\/uploads\/2023\/04\/slider-1-min-k.jpg","type":"image\/jpeg"}],"twitter_card":"summary_large_image","twitter_misc":{"Timp estimat pentru citire":"1 minut"},"schema":{"@context":"https:\/\/schema.org","@graph":[{"@type":"WebPage","@id":"https:\/\/vacamuuurestaurant.ro\/politica-de-livrare-si-retur\/","url":"https:\/\/vacamuuurestaurant.ro\/politica-de-livrare-si-retur\/","name":"Politica de livrare si retur | Vacamuuu","isPartOf":{"@id":"https:\/\/vacamuuurestaurant.ro\/en\/#website"},"datePublished":"2024-02-28T10:42:08+00:00","dateModified":"2024-02-28T11:18:12+00:00","breadcrumb":{"@id":"https:\/\/vacamuuurestaurant.ro\/politica-de-livrare-si-retur\/#breadcrumb"},"inLanguage":"ro-RO","potentialAction":[{"@type":"ReadAction","target":["https:\/\/vacamuuurestaurant.ro\/politica-de-livrare-si-retur\/"]}]},{"@type":"BreadcrumbList","@id":"https:\/\/vacamuuurestaurant.ro\/politica-de-livrare-si-retur\/#breadcrumb","itemListElement":[{"@type":"ListItem","position":1,"name":"Home","item":"https:\/\/vacamuuurestaurant.ro\/"},{"@type":"ListItem","position":2,"name":"Politica de livrare si retur"}]},{"@type":"WebSite","@id":"https:\/\/vacamuuurestaurant.ro\/en\/#website","url":"https:\/\/vacamuuurestaurant.ro\/en\/","name":"Vacamuuu","description":"The Steakhouse","publisher":{"@id":"https:\/\/vacamuuurestaurant.ro\/en\/#organization"},"potentialAction":[{"@type":"SearchAction","target":{"@type":"EntryPoint","urlTemplate":"https:\/\/vacamuuurestaurant.ro\/en\/?s={search_term_string}"},"query-input":"required name=search_term_string"}],"inLanguage":"ro-RO"},{"@type":"Organization","@id":"https:\/\/vacamuuurestaurant.ro\/en\/#organization","name":"Vacamuuu","url":"https:\/\/vacamuuurestaurant.ro\/en\/","logo":{"@type":"ImageObject","inLanguage":"ro-RO","@id":"https:\/\/vacamuuurestaurant.ro\/en\/#\/schema\/logo\/image\/","url":"https:\/\/vacamuuurestaurant.ro\/wp-content\/uploads\/2023\/04\/cropped-logo-regular-min.png","contentUrl":"https:\/\/vacamuuurestaurant.ro\/wp-content\/uploads\/2023\/04\/cropped-logo-regular-min.png","width":512,"height":512,"caption":"Vacamuuu"},"image":{"@id":"https:\/\/vacamuuurestaurant.ro\/en\/#\/schema\/logo\/image\/"},"sameAs":["https:\/\/www.facebook.com\/profile.php?id=100091271499735","https:\/\/www.instagram.com\/vacamuuurestaurant\/"]}]}},"_links":{"self":[{"href":"https:\/\/vacamuuurestaurant.ro\/ro\/wp-json\/wp\/v2\/pages\/3412","targetHints":{"allow":["GET"]}}],"collection":[{"href":"https:\/\/vacamuuurestaurant.ro\/ro\/wp-json\/wp\/v2\/pages"}],"about":[{"href":"https:\/\/vacamuuurestaurant.ro\/ro\/wp-json\/wp\/v2\/types\/page"}],"author":[{"embeddable":true,"href":"https:\/\/vacamuuurestaurant.ro\/ro\/wp-json\/wp\/v2\/users\/5"}],"replies":[{"embeddable":true,"href":"https:\/\/vacamuuurestaurant.ro\/ro\/wp-json\/wp\/v2\/comments?post=3412"}],"version-history":[{"count":3,"href":"https:\/\/vacamuuurestaurant.ro\/ro\/wp-json\/wp\/v2\/pages\/3412\/revisions"}],"predecessor-version":[{"id":3416,"href":"https:\/\/vacamuuurestaurant.ro\/ro\/wp-json\/wp\/v2\/pages\/3412\/revisions\/3416"}],"wp:attachment":[{"href":"https:\/\/vacamuuurestaurant.ro\/ro\/wp-json\/wp\/v2\/media?parent=3412"}],"curies":[{"name":"wp","href":"https:\/\/api.w.org\/{rel}","templated":true}]}}