{"id":701,"date":"2021-07-07T13:26:06","date_gmt":"2021-07-07T13:26:06","guid":{"rendered":"https:\/\/bridge455.qodeinteractive.com\/?page_id=701"},"modified":"2025-01-11T12:40:37","modified_gmt":"2025-01-11T10:40:37","slug":"contact-us","status":"publish","type":"page","link":"https:\/\/vacamuuurestaurant.ro\/ro\/contact-us\/","title":{"rendered":"Contact"},"content":{"rendered":"<div data-elementor-type=\"wp-page\" data-elementor-id=\"701\" class=\"elementor elementor-701\">\n\t\t\t\t\t\t\t\t\t<section class=\"elementor-section elementor-top-section elementor-element elementor-element-f1bfad2 elementor-section-full_width qode_elementor_container_inner elementor-section-height-default elementor-section-height-default parallax_section_no\" data-id=\"f1bfad2\" data-element_type=\"section\">\n\t\t\t\t\t\t<div class=\"elementor-container elementor-column-gap-default\">\n\t\t\t\t\t<div class=\"elementor-column elementor-col-50 elementor-top-column elementor-element elementor-element-615e49d\" data-id=\"615e49d\" data-element_type=\"column\">\n\t\t\t<div class=\"elementor-widget-wrap elementor-element-populated\">\n\t\t\t\t\t\t\t\t<div class=\"elementor-element elementor-element-a77c42f elementor-widget elementor-widget-google_maps\" data-id=\"a77c42f\" data-element_type=\"widget\" data-widget_type=\"google_maps.default\">\n\t\t\t\t<div class=\"elementor-widget-container\">\n\t\t\t<style>\/*! elementor - v3.16.0 - 20-09-2023 *\/\n.elementor-widget-google_maps .elementor-widget-container{overflow:hidden}.elementor-widget-google_maps .elementor-custom-embed{line-height:0}.elementor-widget-google_maps iframe{height:300px}<\/style>\t\t<div class=\"elementor-custom-embed\">\n\t\t\t<iframe loading=\"lazy\"\n\t\t\t\t\tsrc=\"https:\/\/maps.google.com\/maps?q=Vacamuuu&#038;t=m&#038;z=15&#038;output=embed&#038;iwloc=near\"\n\t\t\t\t\ttitle=\"Vacamuuu\"\n\t\t\t\t\taria-label=\"Vacamuuu\"\n\t\t\t><\/iframe>\n\t\t<\/div>\n\t\t\t\t<\/div>\n\t\t\t\t<\/div>\n\t\t\t\t\t<\/div>\n\t\t<\/div>\n\t\t\t\t<div class=\"elementor-column elementor-col-50 elementor-top-column elementor-element elementor-element-810a058\" data-id=\"810a058\" data-element_type=\"column\">\n\t\t\t<div class=\"elementor-widget-wrap elementor-element-populated\">\n\t\t\t\t\t\t\t\t<div class=\"elementor-element elementor-element-1b9b3f1 elementor-widget elementor-widget-text-editor\" data-id=\"1b9b3f1\" data-element_type=\"widget\" data-widget_type=\"text-editor.default\">\n\t\t\t\t<div class=\"elementor-widget-container\">\n\t\t\t<style>\/*! elementor - v3.16.0 - 20-09-2023 *\/\n.elementor-widget-text-editor.elementor-drop-cap-view-stacked .elementor-drop-cap{background-color:#69727d;color:#fff}.elementor-widget-text-editor.elementor-drop-cap-view-framed .elementor-drop-cap{color:#69727d;border:3px solid;background-color:transparent}.elementor-widget-text-editor:not(.elementor-drop-cap-view-default) .elementor-drop-cap{margin-top:8px}.elementor-widget-text-editor:not(.elementor-drop-cap-view-default) .elementor-drop-cap-letter{width:1em;height:1em}.elementor-widget-text-editor .elementor-drop-cap{float:left;text-align:center;line-height:1;font-size:50px}.elementor-widget-text-editor .elementor-drop-cap-letter{display:inline-block}<\/style>\t\t\t\t<h3>Vacamuuu<\/h3>\t\t\t\t\t\t<\/div>\n\t\t\t\t<\/div>\n\t\t\t\t<div class=\"elementor-element elementor-element-603309c elementor-widget elementor-widget-text-editor\" data-id=\"603309c\" data-element_type=\"widget\" data-widget_type=\"text-editor.default\">\n\t\t\t\t<div class=\"elementor-widget-container\">\n\t\t\t\t\t\t\t<p>Bucura\u021bi-v\u0103 de o experien\u021b\u0103 culinar\u0103 de lux \u00een care ve\u021bi descoperi cele mai fine \u0219i mai suculente buc\u0103\u021bi de carne g\u0103tite la perfec\u021biune<\/p>\t\t\t\t\t\t<\/div>\n\t\t\t\t<\/div>\n\t\t\t\t<div class=\"elementor-element elementor-element-e675495 elementor-widget elementor-widget-bridge_icon_text\" data-id=\"e675495\" data-element_type=\"widget\" data-widget_type=\"bridge_icon_text.default\">\n\t\t\t\t<div class=\"elementor-widget-container\">\n\t\t\t<div class='q_icon_with_title tiny custom_icon_image left_from_title'><div class=\"icon_text_holder\" style=\"\"><div class=\"icon_text_inner\" style=\"\"><div class=\"icon_title_holder\"><div class=\"icon_holder\" style=\" \"><img decoding=\"async\" itemprop=\"image\" style=\"\" src=\"https:\/\/vacamuuurestaurant.ro\/wp-content\/uploads\/2017\/08\/icon-1.png\" alt=\"\"><\/div><h6 class=\"icon_title\" style=\"color: #878787;\">Calea Floreasca 111, Bucure\u0219ti 014455<\/h6><\/div><p style=''><\/p><\/div><\/div><\/div>\t\t<\/div>\n\t\t\t\t<\/div>\n\t\t\t\t<div class=\"elementor-element elementor-element-8469adf elementor-widget elementor-widget-bridge_icon_text\" data-id=\"8469adf\" data-element_type=\"widget\" data-widget_type=\"bridge_icon_text.default\">\n\t\t\t\t<div class=\"elementor-widget-container\">\n\t\t\t<div class='q_icon_with_title tiny custom_icon_image left_from_title'><div class=\"icon_text_holder\" style=\"\"><div class=\"icon_text_inner\" style=\"\"><div class=\"icon_title_holder\"><div class=\"icon_holder\" style=\" \"><img decoding=\"async\" itemprop=\"image\" style=\"\" src=\"https:\/\/vacamuuurestaurant.ro\/wp-content\/uploads\/2017\/08\/icon-2.png\" alt=\"\"><\/div><h6 class=\"icon_title\" style=\"color: #878787;\">+40-731-351-135<\/h6><\/div><p style=''><\/p><\/div><\/div><\/div>\t\t<\/div>\n\t\t\t\t<\/div>\n\t\t\t\t<div class=\"elementor-element elementor-element-459b78f elementor-widget elementor-widget-bridge_icon_text\" data-id=\"459b78f\" data-element_type=\"widget\" data-widget_type=\"bridge_icon_text.default\">\n\t\t\t\t<div class=\"elementor-widget-container\">\n\t\t\t<div class='q_icon_with_title tiny custom_icon_image left_from_title'><div class=\"icon_text_holder\" style=\"\"><div class=\"icon_text_inner\" style=\"\"><div class=\"icon_title_holder\"><div class=\"icon_holder\" style=\" \"><img decoding=\"async\" itemprop=\"image\" style=\"\" src=\"https:\/\/vacamuuurestaurant.ro\/wp-content\/uploads\/2017\/08\/icon-3.png\" alt=\"\"><\/div><h6 class=\"icon_title\" style=\"color: #878787;\">office@vacamuuu.com<\/h6><\/div><p style=''><\/p><\/div><\/div><\/div>\t\t<\/div>\n\t\t\t\t<\/div>\n\t\t\t\t\t<\/div>\n\t\t<\/div>\n\t\t\t\t\t\t\t<\/div>\n\t\t<\/section>\n\t\t\t\t<section class=\"elementor-section elementor-top-section elementor-element elementor-element-fce2d1d elementor-section-full_width qode_elementor_container_inner elementor-section-height-default elementor-section-height-default parallax_section_no\" data-id=\"fce2d1d\" data-element_type=\"section\">\n\t\t\t\t\t\t<div class=\"elementor-container elementor-column-gap-default\">\n\t\t\t\t\t<div class=\"elementor-column elementor-col-50 elementor-top-column elementor-element elementor-element-71b7a75\" data-id=\"71b7a75\" data-element_type=\"column\">\n\t\t\t<div class=\"elementor-widget-wrap elementor-element-populated\">\n\t\t\t\t\t\t\t\t<div class=\"elementor-element elementor-element-c9ea0a4 elementor-widget elementor-widget-bridge_cf_7\" data-id=\"c9ea0a4\" data-element_type=\"widget\" data-widget_type=\"bridge_cf_7.default\">\n\t\t\t\t<div class=\"elementor-widget-container\">\n\t\t\t    <div class=\"qode-contact-form-7 qode-contact-form-7-0\">\n    \n<div class=\"wpcf7 no-js\" id=\"wpcf7-f1459-o1\" lang=\"en-US\" dir=\"ltr\">\n<div class=\"screen-reader-response\"><p role=\"status\" aria-live=\"polite\" aria-atomic=\"true\"><\/p> <ul><\/ul><\/div>\n<form action=\"\/ro\/wp-json\/wp\/v2\/pages\/701#wpcf7-f1459-o1\" method=\"post\" class=\"wpcf7-form init cf7_custom_style_1\" aria-label=\"Contact form\" novalidate=\"novalidate\" data-status=\"init\" data-trp-original-action=\"\/ro\/wp-json\/wp\/v2\/pages\/701#wpcf7-f1459-o1\">\n<div style=\"display: none;\">\n<input type=\"hidden\" name=\"_wpcf7\" value=\"1459\" \/>\n<input type=\"hidden\" name=\"_wpcf7_version\" value=\"5.8\" \/>\n<input type=\"hidden\" name=\"_wpcf7_locale\" value=\"en_US\" \/>\n<input type=\"hidden\" name=\"_wpcf7_unit_tag\" value=\"wpcf7-f1459-o1\" \/>\n<input type=\"hidden\" name=\"_wpcf7_container_post\" value=\"0\" \/>\n<input type=\"hidden\" name=\"_wpcf7_posted_data_hash\" value=\"\" \/>\n<\/div>\n<p><span class=\"wpcf7-form-control-wrap\" data-name=\"full-name\"><input size=\"40\" class=\"wpcf7-form-control wpcf7-text wpcf7-validates-as-required\" aria-required=\"true\" aria-invalid=\"false\" placeholder=\"Nume*\" value=\"\" type=\"text\" name=\"full-name\" \/><\/span><\/p>\n\n<p><span class=\"wpcf7-form-control-wrap\" data-name=\"email\"><input size=\"40\" class=\"wpcf7-form-control wpcf7-email wpcf7-validates-as-required wpcf7-text wpcf7-validates-as-email\" aria-required=\"true\" aria-invalid=\"false\" placeholder=\"Adresa de email*\" value=\"\" type=\"email\" name=\"email\" \/><\/span><\/p>\n\n<p><span class=\"wpcf7-form-control-wrap\" data-name=\"message\"><textarea cols=\"40\" rows=\"10\" class=\"wpcf7-form-control wpcf7-textarea\" aria-invalid=\"false\" placeholder=\"Mesaj*\" name=\"message\"><\/textarea><\/span><\/p>\n\n<p><input class=\"wpcf7-form-control wpcf7-submit has-spinner\" type=\"submit\" value=\"Trimite\" \/><\/p><div class=\"wpcf7-response-output\" aria-hidden=\"true\"><\/div>\n<input type=\"hidden\" name=\"trp-form-language\" value=\"ro\"\/><\/form>\n<\/div>\n    <\/div>\n\t\t<\/div>\n\t\t\t\t<\/div>\n\t\t\t\t\t<\/div>\n\t\t<\/div>\n\t\t\t\t<div class=\"elementor-column elementor-col-50 elementor-top-column elementor-element elementor-element-98aed82\" data-id=\"98aed82\" data-element_type=\"column\">\n\t\t\t<div class=\"elementor-widget-wrap elementor-element-populated\">\n\t\t\t\t\t\t\t\t<div class=\"elementor-element elementor-element-b062639 elementor-widget elementor-widget-bridge_image_gallery\" data-id=\"b062639\" data-element_type=\"widget\" data-widget_type=\"bridge_image_gallery.default\">\n\t\t\t\t<div class=\"elementor-widget-container\">\n\t\t\t<div class=\"qode-image-gallery\"><div class=\"qode-image-gallery-inner\"><div class=\"qode-image-gallery-slides wpb_image_grid\" data-interval=\"\"data-control=\"false\"data-direction=\"false\"data-pause-on-hover=\"false\"data-drag=\"false\"><div class=\"gallery_holder\"><ul class=\"gallery_inner   v0\"><li class=\"no_grayscale\"><img decoding=\"async\" itemprop=\"image\" src=\"https:\/\/vacamuuurestaurant.ro\/wp-content\/uploads\/2023\/04\/Untitled-design-15.png\" \/><\/li><\/ul><\/div><\/div><\/div><\/div>\t\t<\/div>\n\t\t\t\t<\/div>\n\t\t\t\t\t<\/div>\n\t\t<\/div>\n\t\t\t\t\t\t\t<\/div>\n\t\t<\/section>\n\t\t\t\t\t\t\t<\/div>","protected":false},"excerpt":{"rendered":"<p>Vacamuuu Enjoy a luxurious dining experience where you will discover the finest and most succulent cuts of meat cooked to perfection Calea Floreasca 111, Bucure\u0219ti 014455 +40-731-351-135 office@vacamuuu.com<\/p>","protected":false},"author":4,"featured_media":0,"parent":0,"menu_order":0,"comment_status":"closed","ping_status":"closed","template":"full_width.php","meta":{"footnotes":""},"class_list":["post-701","page","type-page","status-publish","hentry"],"yoast_head":"<!-- This site is optimized with the Yoast SEO plugin v21.2 - https:\/\/yoast.com\/wordpress\/plugins\/seo\/ -->\n<title>Contact us | Vacamuuu<\/title>\n<meta name=\"robots\" content=\"index, follow, max-snippet:-1, max-image-preview:large, max-video-preview:-1\" \/>\n<link rel=\"canonical\" href=\"https:\/\/vacamuuurestaurant.ro\/ro\/contact-us\/\" \/>\n<meta property=\"og:locale\" content=\"ro_RO\" \/>\n<meta property=\"og:type\" content=\"article\" \/>\n<meta property=\"og:title\" content=\"Contact us | Vacamuuu\" \/>\n<meta property=\"og:description\" content=\"Vacamuuu Enjoy a luxurious dining experience where you will discover the finest and most succulent cuts of meat cooked to perfection Calea Floreasca 111, Bucure\u0219ti 014455 +40-731-351-135 office@vacamuuu.com\" \/>\n<meta property=\"og:url\" content=\"https:\/\/vacamuuurestaurant.ro\/ro\/contact-us\/\" \/>\n<meta property=\"og:site_name\" content=\"Vacamuuu\" \/>\n<meta property=\"article:publisher\" content=\"https:\/\/www.facebook.com\/profile.php?id=100091271499735\" \/>\n<meta property=\"article:modified_time\" content=\"2025-01-11T10:40:37+00:00\" \/>\n<meta property=\"og:image\" content=\"https:\/\/vacamuuurestaurant.ro\/wp-content\/uploads\/2017\/08\/icon-1.png\" \/>\n<meta name=\"twitter:card\" content=\"summary_large_image\" \/>\n<meta name=\"twitter:label1\" content=\"Timp estimat pentru citire\" \/>\n\t<meta name=\"twitter:data1\" content=\"1 minut\" \/>\n<script type=\"application\/ld+json\" class=\"yoast-schema-graph\">{\"@context\":\"https:\/\/schema.org\",\"@graph\":[{\"@type\":\"WebPage\",\"@id\":\"https:\/\/vacamuuurestaurant.ro\/en\/contact-us\/\",\"url\":\"https:\/\/vacamuuurestaurant.ro\/en\/contact-us\/\",\"name\":\"Contact us | Vacamuuu\",\"isPartOf\":{\"@id\":\"https:\/\/vacamuuurestaurant.ro\/en\/#website\"},\"datePublished\":\"2021-07-07T13:26:06+00:00\",\"dateModified\":\"2025-01-11T10:40:37+00:00\",\"breadcrumb\":{\"@id\":\"https:\/\/vacamuuurestaurant.ro\/en\/contact-us\/#breadcrumb\"},\"inLanguage\":\"ro-RO\",\"potentialAction\":[{\"@type\":\"ReadAction\",\"target\":[\"https:\/\/vacamuuurestaurant.ro\/en\/contact-us\/\"]}]},{\"@type\":\"BreadcrumbList\",\"@id\":\"https:\/\/vacamuuurestaurant.ro\/en\/contact-us\/#breadcrumb\",\"itemListElement\":[{\"@type\":\"ListItem\",\"position\":1,\"name\":\"Home\",\"item\":\"https:\/\/vacamuuurestaurant.ro\/\"},{\"@type\":\"ListItem\",\"position\":2,\"name\":\"Contact us\"}]},{\"@type\":\"WebSite\",\"@id\":\"https:\/\/vacamuuurestaurant.ro\/en\/#website\",\"url\":\"https:\/\/vacamuuurestaurant.ro\/en\/\",\"name\":\"Vacamuuu\",\"description\":\"The Steakhouse\",\"publisher\":{\"@id\":\"https:\/\/vacamuuurestaurant.ro\/en\/#organization\"},\"potentialAction\":[{\"@type\":\"SearchAction\",\"target\":{\"@type\":\"EntryPoint\",\"urlTemplate\":\"https:\/\/vacamuuurestaurant.ro\/en\/?s={search_term_string}\"},\"query-input\":\"required name=search_term_string\"}],\"inLanguage\":\"ro-RO\"},{\"@type\":\"Organization\",\"@id\":\"https:\/\/vacamuuurestaurant.ro\/en\/#organization\",\"name\":\"Vacamuuu\",\"url\":\"https:\/\/vacamuuurestaurant.ro\/en\/\",\"logo\":{\"@type\":\"ImageObject\",\"inLanguage\":\"ro-RO\",\"@id\":\"https:\/\/vacamuuurestaurant.ro\/en\/#\/schema\/logo\/image\/\",\"url\":\"https:\/\/vacamuuurestaurant.ro\/wp-content\/uploads\/2023\/04\/cropped-logo-regular-min.png\",\"contentUrl\":\"https:\/\/vacamuuurestaurant.ro\/wp-content\/uploads\/2023\/04\/cropped-logo-regular-min.png\",\"width\":512,\"height\":512,\"caption\":\"Vacamuuu\"},\"image\":{\"@id\":\"https:\/\/vacamuuurestaurant.ro\/en\/#\/schema\/logo\/image\/\"},\"sameAs\":[\"https:\/\/www.facebook.com\/profile.php?id=100091271499735\",\"https:\/\/www.instagram.com\/vacamuuurestaurant\/\"]}]}<\/script>\n<!-- \/ Yoast SEO plugin. -->","yoast_head_json":{"title":"Contact us | Vacamuuu","robots":{"index":"index","follow":"follow","max-snippet":"max-snippet:-1","max-image-preview":"max-image-preview:large","max-video-preview":"max-video-preview:-1"},"canonical":"https:\/\/vacamuuurestaurant.ro\/ro\/contact-us\/","og_locale":"ro_RO","og_type":"article","og_title":"Contact us | Vacamuuu","og_description":"Vacamuuu Enjoy a luxurious dining experience where you will discover the finest and most succulent cuts of meat cooked to perfection Calea Floreasca 111, Bucure\u0219ti 014455 +40-731-351-135 office@vacamuuu.com","og_url":"https:\/\/vacamuuurestaurant.ro\/ro\/contact-us\/","og_site_name":"Vacamuuu","article_publisher":"https:\/\/www.facebook.com\/profile.php?id=100091271499735","article_modified_time":"2025-01-11T10:40:37+00:00","og_image":[{"url":"https:\/\/vacamuuurestaurant.ro\/wp-content\/uploads\/2017\/08\/icon-1.png"}],"twitter_card":"summary_large_image","twitter_misc":{"Timp estimat pentru citire":"1 minut"},"schema":{"@context":"https:\/\/schema.org","@graph":[{"@type":"WebPage","@id":"https:\/\/vacamuuurestaurant.ro\/en\/contact-us\/","url":"https:\/\/vacamuuurestaurant.ro\/en\/contact-us\/","name":"Contact us | Vacamuuu","isPartOf":{"@id":"https:\/\/vacamuuurestaurant.ro\/en\/#website"},"datePublished":"2021-07-07T13:26:06+00:00","dateModified":"2025-01-11T10:40:37+00:00","breadcrumb":{"@id":"https:\/\/vacamuuurestaurant.ro\/en\/contact-us\/#breadcrumb"},"inLanguage":"ro-RO","potentialAction":[{"@type":"ReadAction","target":["https:\/\/vacamuuurestaurant.ro\/en\/contact-us\/"]}]},{"@type":"BreadcrumbList","@id":"https:\/\/vacamuuurestaurant.ro\/en\/contact-us\/#breadcrumb","itemListElement":[{"@type":"ListItem","position":1,"name":"Home","item":"https:\/\/vacamuuurestaurant.ro\/"},{"@type":"ListItem","position":2,"name":"Contact us"}]},{"@type":"WebSite","@id":"https:\/\/vacamuuurestaurant.ro\/en\/#website","url":"https:\/\/vacamuuurestaurant.ro\/en\/","name":"Vacamuuu","description":"The Steakhouse","publisher":{"@id":"https:\/\/vacamuuurestaurant.ro\/en\/#organization"},"potentialAction":[{"@type":"SearchAction","target":{"@type":"EntryPoint","urlTemplate":"https:\/\/vacamuuurestaurant.ro\/en\/?s={search_term_string}"},"query-input":"required name=search_term_string"}],"inLanguage":"ro-RO"},{"@type":"Organization","@id":"https:\/\/vacamuuurestaurant.ro\/en\/#organization","name":"Vacamuuu","url":"https:\/\/vacamuuurestaurant.ro\/en\/","logo":{"@type":"ImageObject","inLanguage":"ro-RO","@id":"https:\/\/vacamuuurestaurant.ro\/en\/#\/schema\/logo\/image\/","url":"https:\/\/vacamuuurestaurant.ro\/wp-content\/uploads\/2023\/04\/cropped-logo-regular-min.png","contentUrl":"https:\/\/vacamuuurestaurant.ro\/wp-content\/uploads\/2023\/04\/cropped-logo-regular-min.png","width":512,"height":512,"caption":"Vacamuuu"},"image":{"@id":"https:\/\/vacamuuurestaurant.ro\/en\/#\/schema\/logo\/image\/"},"sameAs":["https:\/\/www.facebook.com\/profile.php?id=100091271499735","https:\/\/www.instagram.com\/vacamuuurestaurant\/"]}]}},"_links":{"self":[{"href":"https:\/\/vacamuuurestaurant.ro\/ro\/wp-json\/wp\/v2\/pages\/701","targetHints":{"allow":["GET"]}}],"collection":[{"href":"https:\/\/vacamuuurestaurant.ro\/ro\/wp-json\/wp\/v2\/pages"}],"about":[{"href":"https:\/\/vacamuuurestaurant.ro\/ro\/wp-json\/wp\/v2\/types\/page"}],"author":[{"embeddable":true,"href":"https:\/\/vacamuuurestaurant.ro\/ro\/wp-json\/wp\/v2\/users\/4"}],"replies":[{"embeddable":true,"href":"https:\/\/vacamuuurestaurant.ro\/ro\/wp-json\/wp\/v2\/comments?post=701"}],"version-history":[{"count":8,"href":"https:\/\/vacamuuurestaurant.ro\/ro\/wp-json\/wp\/v2\/pages\/701\/revisions"}],"predecessor-version":[{"id":3459,"href":"https:\/\/vacamuuurestaurant.ro\/ro\/wp-json\/wp\/v2\/pages\/701\/revisions\/3459"}],"wp:attachment":[{"href":"https:\/\/vacamuuurestaurant.ro\/ro\/wp-json\/wp\/v2\/media?parent=701"}],"curies":[{"name":"wp","href":"https:\/\/api.w.org\/{rel}","templated":true}]}}